{"id":40,"date":"2024-05-08T11:32:44","date_gmt":"2024-05-08T09:32:44","guid":{"rendered":"http:\/\/saengerbund-liederkranz-oftersheim.de\/?page_id=40"},"modified":"2026-03-04T18:21:15","modified_gmt":"2026-03-04T17:21:15","slug":"ueberuns","status":"publish","type":"page","link":"https:\/\/saengerbund-liederkranz-oftersheim.de\/?page_id=40","title":{"rendered":"\u00dcber uns"},"content":{"rendered":"\n<figure class=\"wp-block-image size-large\"><img loading=\"lazy\" decoding=\"async\" width=\"1024\" height=\"407\" src=\"https:\/\/saengerbund-liederkranz-oftersheim.de\/wp-content\/uploads\/2024\/05\/Saengerbund-Liederkranz-2022-1024x407.jpeg\" alt=\"\" class=\"wp-image-10\" srcset=\"https:\/\/saengerbund-liederkranz-oftersheim.de\/wp-content\/uploads\/2024\/05\/Saengerbund-Liederkranz-2022-1024x407.jpeg 1024w, https:\/\/saengerbund-liederkranz-oftersheim.de\/wp-content\/uploads\/2024\/05\/Saengerbund-Liederkranz-2022-300x119.jpeg 300w, https:\/\/saengerbund-liederkranz-oftersheim.de\/wp-content\/uploads\/2024\/05\/Saengerbund-Liederkranz-2022-768x305.jpeg 768w, https:\/\/saengerbund-liederkranz-oftersheim.de\/wp-content\/uploads\/2024\/05\/Saengerbund-Liederkranz-2022-1536x611.jpeg 1536w, https:\/\/saengerbund-liederkranz-oftersheim.de\/wp-content\/uploads\/2024\/05\/Saengerbund-Liederkranz-2022-2048x815.jpeg 2048w\" sizes=\"auto, (max-width: 1024px) 100vw, 1024px\" \/><\/figure>\n\n\n\n<h1 class=\"wp-block-heading has-text-align-center\" id=\"1087547834\"><\/h1>\n\n\n\n<p>Der S\u00e4ngerbund Liederkranz 1892 Oftersheim e.V. entstand durch den Zusammenschluss der beiden Vereine&nbsp;<\/p>\n\n\n\n<p><strong>&#8222;Liederkranz 1892&#8220;<\/strong>&nbsp;und dem&nbsp;<strong>&#8222;Arbeiter-S\u00e4ngerbund&#8220;<\/strong>&nbsp;im Jahre 1975.<\/p>\n\n\n\n<p>Wir sind ein M\u00e4nnerchor mit etwa 50 S\u00e4ngern, denen der Gesang Spa\u00df macht. Wir pflegen eine enge Kooperation mit unserem Bruderverein dem MGV S\u00e4ngerbund-Liedertafel 1868 Plankstadt e.V.. <\/p>\n\n\n\n<p>Jeden Freitag treffen wir uns in unserem S\u00e4ngerheim von&nbsp;<strong>19.30 Uhr<\/strong>&nbsp;bis&nbsp;<strong>21.00 Uhr<\/strong>&nbsp;mit unserem Chorleiter Thomas K\u00e4stner.<\/p>\n\n\n\n<p><\/p>\n\n\n\n<p><\/p>\n\n\n\n<p><\/p>\n\n\n\n<p><\/p>\n","protected":false},"excerpt":{"rendered":"<p>Der S\u00e4ngerbund Liederkranz 1892 Oftersheim e.V. entstand durch den Zusammenschluss der beiden Vereine&nbsp; &#8222;Liederkranz 1892&#8220;&nbsp;und dem&nbsp;&#8222;Arbeiter-S\u00e4ngerbund&#8220;&nbsp;im Jahre 1975. Wir sind ein M\u00e4nnerchor mit etwa 50 S\u00e4ngern, denen der Gesang Spa\u00df macht. Wir pflegen eine enge Kooperation mit unserem Bruderverein dem MGV S\u00e4ngerbund-Liedertafel 1868 Plankstadt e.V.. Jeden Freitag treffen wir uns in unserem S\u00e4ngerheim von&nbsp;19.30 Uhr&nbsp;bis&nbsp;21.00 [&hellip;]<\/p>\n","protected":false},"author":1,"featured_media":0,"parent":0,"menu_order":0,"comment_status":"closed","ping_status":"closed","template":"","meta":{"footnotes":""},"class_list":["post-40","page","type-page","status-publish","hentry"],"_links":{"self":[{"href":"https:\/\/saengerbund-liederkranz-oftersheim.de\/index.php?rest_route=\/wp\/v2\/pages\/40","targetHints":{"allow":["GET"]}}],"collection":[{"href":"https:\/\/saengerbund-liederkranz-oftersheim.de\/index.php?rest_route=\/wp\/v2\/pages"}],"about":[{"href":"https:\/\/saengerbund-liederkranz-oftersheim.de\/index.php?rest_route=\/wp\/v2\/types\/page"}],"author":[{"embeddable":true,"href":"https:\/\/saengerbund-liederkranz-oftersheim.de\/index.php?rest_route=\/wp\/v2\/users\/1"}],"replies":[{"embeddable":true,"href":"https:\/\/saengerbund-liederkranz-oftersheim.de\/index.php?rest_route=%2Fwp%2Fv2%2Fcomments&post=40"}],"version-history":[{"count":4,"href":"https:\/\/saengerbund-liederkranz-oftersheim.de\/index.php?rest_route=\/wp\/v2\/pages\/40\/revisions"}],"predecessor-version":[{"id":187,"href":"https:\/\/saengerbund-liederkranz-oftersheim.de\/index.php?rest_route=\/wp\/v2\/pages\/40\/revisions\/187"}],"wp:attachment":[{"href":"https:\/\/saengerbund-liederkranz-oftersheim.de\/index.php?rest_route=%2Fwp%2Fv2%2Fmedia&parent=40"}],"curies":[{"name":"wp","href":"https:\/\/api.w.org\/{rel}","templated":true}]}}