{"id":188,"date":"2026-03-04T18:22:15","date_gmt":"2026-03-04T17:22:15","guid":{"rendered":"https:\/\/saengerbund-liederkranz-oftersheim.de\/?page_id=188"},"modified":"2026-03-04T18:32:05","modified_gmt":"2026-03-04T17:32:05","slug":"fruehere-aktivitaeten","status":"publish","type":"page","link":"https:\/\/saengerbund-liederkranz-oftersheim.de\/?page_id=188","title":{"rendered":"Fr\u00fchere Aktivit\u00e4ten"},"content":{"rendered":"\n<blockquote class=\"wp-block-quote is-layout-flow wp-block-quote-is-layout-flow\">\n<p class=\"has-vivid-green-cyan-color has-text-color has-link-color wp-elements-1506f8a85e44bdea2615cbf07fda964c\">Mit Liedern in den Sommer 2025<\/p>\n\n\n\n<p class=\"has-ti-accent-color has-text-color has-link-color has-medium-font-size wp-elements-7f6c7550c69687b247f834a5fd1cbf42\">Die Veranstaltung &#8218;Lieder in den Sommer 2025 ist vorbei, aber die Lieder der vielen Ch\u00f6re klingen noch nach. Vielen Dank an alle teilnehmenden Ch\u00f6re &#8211; ihr wart fantastisch. Ein gro\u00dfer Dank geht auch an die vielen Helfer und Helferinnen. Ohne Euch w\u00e4re das Fest nicht m\u00f6glich gewesen. Und ein herzlicher Dank auch an die vielen G\u00e4ste. Ohne Euch w\u00e4re es kein so sch\u00f6nes Fest gewesen. <\/p>\n\n\n\n<figure class=\"wp-block-gallery has-nested-images columns-default is-cropped wp-block-gallery-2 is-layout-flex wp-block-gallery-is-layout-flex\">\n<figure class=\"wp-block-image size-large\"><img loading=\"lazy\" decoding=\"async\" width=\"635\" height=\"1024\" data-id=\"158\" src=\"https:\/\/saengerbund-liederkranz-oftersheim.de\/wp-content\/uploads\/2024\/05\/Bild-Vorstaende-Oftersheim-und-Plankstadt-mit-Buergermeister-Pascal-Seidel-1-635x1024.jpg\" alt=\"\" class=\"wp-image-158\" srcset=\"https:\/\/saengerbund-liederkranz-oftersheim.de\/wp-content\/uploads\/2024\/05\/Bild-Vorstaende-Oftersheim-und-Plankstadt-mit-Buergermeister-Pascal-Seidel-1-635x1024.jpg 635w, https:\/\/saengerbund-liederkranz-oftersheim.de\/wp-content\/uploads\/2024\/05\/Bild-Vorstaende-Oftersheim-und-Plankstadt-mit-Buergermeister-Pascal-Seidel-1-186x300.jpg 186w, https:\/\/saengerbund-liederkranz-oftersheim.de\/wp-content\/uploads\/2024\/05\/Bild-Vorstaende-Oftersheim-und-Plankstadt-mit-Buergermeister-Pascal-Seidel-1-768x1239.jpg 768w, https:\/\/saengerbund-liederkranz-oftersheim.de\/wp-content\/uploads\/2024\/05\/Bild-Vorstaende-Oftersheim-und-Plankstadt-mit-Buergermeister-Pascal-Seidel-1.jpg 837w\" sizes=\"auto, (max-width: 635px) 100vw, 635px\" \/><figcaption class=\"wp-element-caption\">Auch unser BGM Pascal Seidel war mit dabei \ud83d\ude42<\/figcaption><\/figure>\n\n\n\n<figure class=\"wp-block-image size-large\"><img loading=\"lazy\" decoding=\"async\" width=\"724\" height=\"1024\" data-id=\"167\" src=\"https:\/\/saengerbund-liederkranz-oftersheim.de\/wp-content\/uploads\/2024\/05\/Auftrittsplanung-Lieder-in-den-Sommer-2025-3-724x1024.jpg\" alt=\"\" class=\"wp-image-167\" srcset=\"https:\/\/saengerbund-liederkranz-oftersheim.de\/wp-content\/uploads\/2024\/05\/Auftrittsplanung-Lieder-in-den-Sommer-2025-3-724x1024.jpg 724w, https:\/\/saengerbund-liederkranz-oftersheim.de\/wp-content\/uploads\/2024\/05\/Auftrittsplanung-Lieder-in-den-Sommer-2025-3-212x300.jpg 212w, https:\/\/saengerbund-liederkranz-oftersheim.de\/wp-content\/uploads\/2024\/05\/Auftrittsplanung-Lieder-in-den-Sommer-2025-3-768x1087.jpg 768w, https:\/\/saengerbund-liederkranz-oftersheim.de\/wp-content\/uploads\/2024\/05\/Auftrittsplanung-Lieder-in-den-Sommer-2025-3-1086x1536.jpg 1086w, https:\/\/saengerbund-liederkranz-oftersheim.de\/wp-content\/uploads\/2024\/05\/Auftrittsplanung-Lieder-in-den-Sommer-2025-3-1447x2048.jpg 1447w, https:\/\/saengerbund-liederkranz-oftersheim.de\/wp-content\/uploads\/2024\/05\/Auftrittsplanung-Lieder-in-den-Sommer-2025-3-scaled.jpg 1809w\" sizes=\"auto, (max-width: 724px) 100vw, 724px\" \/><\/figure>\n\n\n\n<figure class=\"wp-block-image size-full wp-duotone-unset-1\"><img loading=\"lazy\" decoding=\"async\" width=\"1920\" height=\"2560\" data-id=\"172\" src=\"https:\/\/saengerbund-liederkranz-oftersheim.de\/wp-content\/uploads\/2024\/05\/IMG_8506-scaled.jpeg\" alt=\"\" class=\"wp-image-172\" srcset=\"https:\/\/saengerbund-liederkranz-oftersheim.de\/wp-content\/uploads\/2024\/05\/IMG_8506-scaled.jpeg 1920w, https:\/\/saengerbund-liederkranz-oftersheim.de\/wp-content\/uploads\/2024\/05\/IMG_8506-225x300.jpeg 225w, https:\/\/saengerbund-liederkranz-oftersheim.de\/wp-content\/uploads\/2024\/05\/IMG_8506-768x1024.jpeg 768w, https:\/\/saengerbund-liederkranz-oftersheim.de\/wp-content\/uploads\/2024\/05\/IMG_8506-1152x1536.jpeg 1152w, https:\/\/saengerbund-liederkranz-oftersheim.de\/wp-content\/uploads\/2024\/05\/IMG_8506-1536x2048.jpeg 1536w\" sizes=\"auto, (max-width: 1920px) 100vw, 1920px\" \/><figcaption class=\"wp-element-caption\">Mike Rings Percussions<\/figcaption><\/figure>\n\n\n\n<figure class=\"wp-block-image size-large\"><img loading=\"lazy\" decoding=\"async\" width=\"833\" height=\"488\" data-id=\"157\" src=\"https:\/\/saengerbund-liederkranz-oftersheim.de\/wp-content\/uploads\/2024\/05\/Eintracht-Hockenheim.jpg\" alt=\"\" class=\"wp-image-157\" srcset=\"https:\/\/saengerbund-liederkranz-oftersheim.de\/wp-content\/uploads\/2024\/05\/Eintracht-Hockenheim.jpg 833w, https:\/\/saengerbund-liederkranz-oftersheim.de\/wp-content\/uploads\/2024\/05\/Eintracht-Hockenheim-300x176.jpg 300w, https:\/\/saengerbund-liederkranz-oftersheim.de\/wp-content\/uploads\/2024\/05\/Eintracht-Hockenheim-768x450.jpg 768w\" sizes=\"auto, (max-width: 833px) 100vw, 833px\" \/><figcaption class=\"wp-element-caption\">Eintracht Hockenheim<\/figcaption><\/figure>\n\n\n\n<figure class=\"wp-block-image size-large\"><img loading=\"lazy\" decoding=\"async\" width=\"1024\" height=\"768\" data-id=\"159\" src=\"https:\/\/saengerbund-liederkranz-oftersheim.de\/wp-content\/uploads\/2024\/05\/Human-Nation-St.-Leon-Rot-1024x768.jpg\" alt=\"\" class=\"wp-image-159\" srcset=\"https:\/\/saengerbund-liederkranz-oftersheim.de\/wp-content\/uploads\/2024\/05\/Human-Nation-St.-Leon-Rot-1024x768.jpg 1024w, https:\/\/saengerbund-liederkranz-oftersheim.de\/wp-content\/uploads\/2024\/05\/Human-Nation-St.-Leon-Rot-300x225.jpg 300w, https:\/\/saengerbund-liederkranz-oftersheim.de\/wp-content\/uploads\/2024\/05\/Human-Nation-St.-Leon-Rot-768x576.jpg 768w, https:\/\/saengerbund-liederkranz-oftersheim.de\/wp-content\/uploads\/2024\/05\/Human-Nation-St.-Leon-Rot-1536x1152.jpg 1536w, https:\/\/saengerbund-liederkranz-oftersheim.de\/wp-content\/uploads\/2024\/05\/Human-Nation-St.-Leon-Rot-2048x1536.jpg 2048w\" sizes=\"auto, (max-width: 1024px) 100vw, 1024px\" \/><figcaption class=\"wp-element-caption\">Human Nation St. Leon-Rot<\/figcaption><\/figure>\n\n\n\n<figure class=\"wp-block-image size-large\"><img loading=\"lazy\" decoding=\"async\" width=\"1024\" height=\"911\" data-id=\"160\" src=\"https:\/\/saengerbund-liederkranz-oftersheim.de\/wp-content\/uploads\/2024\/05\/Plank-Ton-Plankstadt-1024x911.jpg\" alt=\"\" class=\"wp-image-160\" srcset=\"https:\/\/saengerbund-liederkranz-oftersheim.de\/wp-content\/uploads\/2024\/05\/Plank-Ton-Plankstadt-1024x911.jpg 1024w, https:\/\/saengerbund-liederkranz-oftersheim.de\/wp-content\/uploads\/2024\/05\/Plank-Ton-Plankstadt-300x267.jpg 300w, https:\/\/saengerbund-liederkranz-oftersheim.de\/wp-content\/uploads\/2024\/05\/Plank-Ton-Plankstadt-768x683.jpg 768w, https:\/\/saengerbund-liederkranz-oftersheim.de\/wp-content\/uploads\/2024\/05\/Plank-Ton-Plankstadt-1536x1367.jpg 1536w, https:\/\/saengerbund-liederkranz-oftersheim.de\/wp-content\/uploads\/2024\/05\/Plank-Ton-Plankstadt-2048x1823.jpg 2048w\" sizes=\"auto, (max-width: 1024px) 100vw, 1024px\" \/><figcaption class=\"wp-element-caption\">Plank-Ton Plankstadt<\/figcaption><\/figure>\n\n\n\n<figure class=\"wp-block-image size-large\"><img loading=\"lazy\" decoding=\"async\" width=\"1024\" height=\"737\" data-id=\"161\" src=\"https:\/\/saengerbund-liederkranz-oftersheim.de\/wp-content\/uploads\/2024\/05\/Womens-Voice-Neulussheim-1024x737.jpg\" alt=\"\" class=\"wp-image-161\" srcset=\"https:\/\/saengerbund-liederkranz-oftersheim.de\/wp-content\/uploads\/2024\/05\/Womens-Voice-Neulussheim-1024x737.jpg 1024w, https:\/\/saengerbund-liederkranz-oftersheim.de\/wp-content\/uploads\/2024\/05\/Womens-Voice-Neulussheim-300x216.jpg 300w, https:\/\/saengerbund-liederkranz-oftersheim.de\/wp-content\/uploads\/2024\/05\/Womens-Voice-Neulussheim-768x553.jpg 768w, https:\/\/saengerbund-liederkranz-oftersheim.de\/wp-content\/uploads\/2024\/05\/Womens-Voice-Neulussheim-1536x1106.jpg 1536w, https:\/\/saengerbund-liederkranz-oftersheim.de\/wp-content\/uploads\/2024\/05\/Womens-Voice-Neulussheim-2048x1474.jpg 2048w\" sizes=\"auto, (max-width: 1024px) 100vw, 1024px\" \/><figcaption class=\"wp-element-caption\">Women\u00b4s Voice Neulu\u00dfheim<\/figcaption><\/figure>\n\n\n\n<figure class=\"wp-block-image size-large\"><img loading=\"lazy\" decoding=\"async\" width=\"1024\" height=\"768\" data-id=\"164\" src=\"https:\/\/saengerbund-liederkranz-oftersheim.de\/wp-content\/uploads\/2024\/05\/Frohsinn-MechtersheimGV-Westheim-1024x768.jpg\" alt=\"\" class=\"wp-image-164\" srcset=\"https:\/\/saengerbund-liederkranz-oftersheim.de\/wp-content\/uploads\/2024\/05\/Frohsinn-MechtersheimGV-Westheim-1024x768.jpg 1024w, https:\/\/saengerbund-liederkranz-oftersheim.de\/wp-content\/uploads\/2024\/05\/Frohsinn-MechtersheimGV-Westheim-300x225.jpg 300w, https:\/\/saengerbund-liederkranz-oftersheim.de\/wp-content\/uploads\/2024\/05\/Frohsinn-MechtersheimGV-Westheim-768x576.jpg 768w, https:\/\/saengerbund-liederkranz-oftersheim.de\/wp-content\/uploads\/2024\/05\/Frohsinn-MechtersheimGV-Westheim-1536x1152.jpg 1536w, https:\/\/saengerbund-liederkranz-oftersheim.de\/wp-content\/uploads\/2024\/05\/Frohsinn-MechtersheimGV-Westheim-2048x1536.jpg 2048w\" sizes=\"auto, (max-width: 1024px) 100vw, 1024px\" \/><figcaption class=\"wp-element-caption\">Frohsinn Mechtersheim\/GV Westheim<\/figcaption><\/figure>\n\n\n\n<figure class=\"wp-block-image size-large\"><img loading=\"lazy\" decoding=\"async\" width=\"1024\" height=\"768\" data-id=\"166\" src=\"https:\/\/saengerbund-liederkranz-oftersheim.de\/wp-content\/uploads\/2024\/05\/Alive-Vocals-Schwetzingen-1024x768.jpg\" alt=\"\" class=\"wp-image-166\" srcset=\"https:\/\/saengerbund-liederkranz-oftersheim.de\/wp-content\/uploads\/2024\/05\/Alive-Vocals-Schwetzingen-1024x768.jpg 1024w, https:\/\/saengerbund-liederkranz-oftersheim.de\/wp-content\/uploads\/2024\/05\/Alive-Vocals-Schwetzingen-300x225.jpg 300w, https:\/\/saengerbund-liederkranz-oftersheim.de\/wp-content\/uploads\/2024\/05\/Alive-Vocals-Schwetzingen-768x576.jpg 768w, https:\/\/saengerbund-liederkranz-oftersheim.de\/wp-content\/uploads\/2024\/05\/Alive-Vocals-Schwetzingen-1536x1152.jpg 1536w, https:\/\/saengerbund-liederkranz-oftersheim.de\/wp-content\/uploads\/2024\/05\/Alive-Vocals-Schwetzingen-2048x1536.jpg 2048w\" sizes=\"auto, (max-width: 1024px) 100vw, 1024px\" \/><figcaption class=\"wp-element-caption\">ALIVE Vocals Schwetzingen<\/figcaption><\/figure>\n\n\n\n<figure class=\"wp-block-image size-large\"><img loading=\"lazy\" decoding=\"async\" width=\"1024\" height=\"768\" data-id=\"163\" src=\"https:\/\/saengerbund-liederkranz-oftersheim.de\/wp-content\/uploads\/2024\/05\/Frauenchor-Liedertafel-Hockenheim-1024x768.jpg\" alt=\"\" class=\"wp-image-163\" srcset=\"https:\/\/saengerbund-liederkranz-oftersheim.de\/wp-content\/uploads\/2024\/05\/Frauenchor-Liedertafel-Hockenheim-1024x768.jpg 1024w, https:\/\/saengerbund-liederkranz-oftersheim.de\/wp-content\/uploads\/2024\/05\/Frauenchor-Liedertafel-Hockenheim-300x225.jpg 300w, https:\/\/saengerbund-liederkranz-oftersheim.de\/wp-content\/uploads\/2024\/05\/Frauenchor-Liedertafel-Hockenheim-768x576.jpg 768w, https:\/\/saengerbund-liederkranz-oftersheim.de\/wp-content\/uploads\/2024\/05\/Frauenchor-Liedertafel-Hockenheim-1536x1152.jpg 1536w, https:\/\/saengerbund-liederkranz-oftersheim.de\/wp-content\/uploads\/2024\/05\/Frauenchor-Liedertafel-Hockenheim-2048x1536.jpg 2048w\" sizes=\"auto, (max-width: 1024px) 100vw, 1024px\" \/><figcaption class=\"wp-element-caption\">Frauenchor der Liedertafel Hockenheim<\/figcaption><\/figure>\n\n\n\n<figure class=\"wp-block-image size-large\"><img loading=\"lazy\" decoding=\"async\" width=\"1024\" height=\"768\" data-id=\"165\" src=\"https:\/\/saengerbund-liederkranz-oftersheim.de\/wp-content\/uploads\/2024\/05\/uniSono-Oftersheim-1024x768.jpg\" alt=\"\" class=\"wp-image-165\" srcset=\"https:\/\/saengerbund-liederkranz-oftersheim.de\/wp-content\/uploads\/2024\/05\/uniSono-Oftersheim-1024x768.jpg 1024w, https:\/\/saengerbund-liederkranz-oftersheim.de\/wp-content\/uploads\/2024\/05\/uniSono-Oftersheim-300x225.jpg 300w, https:\/\/saengerbund-liederkranz-oftersheim.de\/wp-content\/uploads\/2024\/05\/uniSono-Oftersheim-768x576.jpg 768w, https:\/\/saengerbund-liederkranz-oftersheim.de\/wp-content\/uploads\/2024\/05\/uniSono-Oftersheim-1536x1152.jpg 1536w, https:\/\/saengerbund-liederkranz-oftersheim.de\/wp-content\/uploads\/2024\/05\/uniSono-Oftersheim-2048x1536.jpg 2048w\" sizes=\"auto, (max-width: 1024px) 100vw, 1024px\" \/><figcaption class=\"wp-element-caption\">uniSono Oftersheim<\/figcaption><\/figure>\n<\/figure>\n\n\n\n<figure class=\"wp-block-image size-large\"><img loading=\"lazy\" decoding=\"async\" width=\"1024\" height=\"826\" src=\"https:\/\/saengerbund-liederkranz-oftersheim.de\/wp-content\/uploads\/2024\/05\/SBL-Oftersheim-und-MGV-SB-Liedertafel-Plankstadt-1024x826.jpg\" alt=\"\" class=\"wp-image-162\" srcset=\"https:\/\/saengerbund-liederkranz-oftersheim.de\/wp-content\/uploads\/2024\/05\/SBL-Oftersheim-und-MGV-SB-Liedertafel-Plankstadt-1024x826.jpg 1024w, https:\/\/saengerbund-liederkranz-oftersheim.de\/wp-content\/uploads\/2024\/05\/SBL-Oftersheim-und-MGV-SB-Liedertafel-Plankstadt-300x242.jpg 300w, https:\/\/saengerbund-liederkranz-oftersheim.de\/wp-content\/uploads\/2024\/05\/SBL-Oftersheim-und-MGV-SB-Liedertafel-Plankstadt-768x620.jpg 768w, https:\/\/saengerbund-liederkranz-oftersheim.de\/wp-content\/uploads\/2024\/05\/SBL-Oftersheim-und-MGV-SB-Liedertafel-Plankstadt-1536x1239.jpg 1536w, https:\/\/saengerbund-liederkranz-oftersheim.de\/wp-content\/uploads\/2024\/05\/SBL-Oftersheim-und-MGV-SB-Liedertafel-Plankstadt-2048x1652.jpg 2048w\" sizes=\"auto, (max-width: 1024px) 100vw, 1024px\" \/><figcaption class=\"wp-element-caption\"><strong>S\u00e4ngerbund Liederkranz Oftersheim und MGV S\u00e4ngerbund Liederkranz Plankstadt<\/strong><\/figcaption><\/figure>\n\n\n\n<figure class=\"wp-block-image size-full\"><img loading=\"lazy\" decoding=\"async\" width=\"7017\" height=\"9925\" src=\"https:\/\/saengerbund-liederkranz-oftersheim.de\/wp-content\/uploads\/2024\/05\/Plakat-SBL-Mit-Liedern-in-den-Sommer-2025-final.jpg\" alt=\"\" class=\"wp-image-168\"\/><\/figure>\n\n\n\n<p class=\"has-text-align-center\"><\/p>\n<\/blockquote>\n","protected":false},"excerpt":{"rendered":"","protected":false},"author":1,"featured_media":0,"parent":0,"menu_order":0,"comment_status":"closed","ping_status":"closed","template":"","meta":{"footnotes":""},"class_list":["post-188","page","type-page","status-publish","hentry"],"_links":{"self":[{"href":"https:\/\/saengerbund-liederkranz-oftersheim.de\/index.php?rest_route=\/wp\/v2\/pages\/188","targetHints":{"allow":["GET"]}}],"collection":[{"href":"https:\/\/saengerbund-liederkranz-oftersheim.de\/index.php?rest_route=\/wp\/v2\/pages"}],"about":[{"href":"https:\/\/saengerbund-liederkranz-oftersheim.de\/index.php?rest_route=\/wp\/v2\/types\/page"}],"author":[{"embeddable":true,"href":"https:\/\/saengerbund-liederkranz-oftersheim.de\/index.php?rest_route=\/wp\/v2\/users\/1"}],"replies":[{"embeddable":true,"href":"https:\/\/saengerbund-liederkranz-oftersheim.de\/index.php?rest_route=%2Fwp%2Fv2%2Fcomments&post=188"}],"version-history":[{"count":2,"href":"https:\/\/saengerbund-liederkranz-oftersheim.de\/index.php?rest_route=\/wp\/v2\/pages\/188\/revisions"}],"predecessor-version":[{"id":191,"href":"https:\/\/saengerbund-liederkranz-oftersheim.de\/index.php?rest_route=\/wp\/v2\/pages\/188\/revisions\/191"}],"wp:attachment":[{"href":"https:\/\/saengerbund-liederkranz-oftersheim.de\/index.php?rest_route=%2Fwp%2Fv2%2Fmedia&parent=188"}],"curies":[{"name":"wp","href":"https:\/\/api.w.org\/{rel}","templated":true}]}}